{"id":9,"date":"2022-01-21T20:47:59","date_gmt":"2022-01-21T20:47:59","guid":{"rendered":"http:\/\/www.weallseed.org\/loginter\/wp2022\/?page_id=9"},"modified":"2022-03-19T00:24:14","modified_gmt":"2022-03-19T00:24:14","slug":"nosotros","status":"publish","type":"page","link":"http:\/\/www.weallseed.org\/loginter\/wp2022\/nosotros\/","title":{"rendered":"NOSOTROS"},"content":{"rendered":"[vc_section full_width=\u00bbstretch_row\u00bb css=\u00bb.vc_custom_1645763763263{margin-top: -25px !important;margin-bottom: 25px !important;padding-top: 35px !important;padding-bottom: 25px !important;background-image: url(http:\/\/www.weallseed.org\/loginter\/wp2022\/wp-content\/uploads\/2022\/02\/header-sections.jpg?id=267) !important;background-position: center !important;background-repeat: no-repeat !important;background-size: cover !important;}\u00bb][vc_row css=\u00bb.vc_custom_1643654019848{padding-bottom: 10px !important;}\u00bb][vc_column][vc_column_text]\n<h1 style=\"text-align: center;\"><span style=\"color: #195a72;\">NOSOTROS<\/span><\/h1>\n[\/vc_column_text][\/vc_column][\/vc_row][\/vc_section][vc_section full_width=\u00bbstretch_row\u00bb css=\u00bb.vc_custom_1647648173364{margin-top: -30px !important;background-color: #195b72 !important;}\u00bb][vc_row][vc_column width=\u00bb1\/2&#8243;][vc_column_text]\n<h2 style=\"text-align: left;\"><span style=\"color: #ffffff;\">Somos\u00a0<strong>Log\u00edstica Internacional,<\/strong>\u00a0<\/span><\/h2>\n<p style=\"text-align: left;\"><span style=\"color: #ffffff;\">por sus siglas\u00a0<strong>LOGINTER,<\/strong>\u00a0empresa que opera desde El Salvador, ofreciendo su amplio conocimiento del mercado internacional y su s\u00f3lida y reconocida experiencia, en la administraci\u00f3n de toda la cadena de abastecimiento de productos y servicios, proponi\u00e9ndole convertirse en su socio estrat\u00e9gico en el desarrollo de soluciones log\u00edsticas, dise\u00f1adas acorde a sus necesidades y en la coordinaci\u00f3n sistem\u00e1tica de su red completa de suministros.<\/span><\/p>\n[\/vc_column_text][\/vc_column][vc_column width=\u00bb1\/2&#8243;][vc_video link=\u00bbhttps:\/\/www.youtube.com\/watch?v=eUYpmbqD6oU\u00bb align=\u00bbcenter\u00bb][\/vc_column][\/vc_row][\/vc_section][vc_section css=\u00bb.vc_custom_1647648205260{padding-top: 50px !important;}\u00bb][vc_row][vc_column width=\u00bb1\/2&#8243;][vc_column_text]<span style=\"color: #29393f;\"><strong>Para cumplir con estos prop\u00f3sitos, cuenta con:<\/strong><\/span><\/p>\n<ul class=\"ulsinmargen\">\n<li><span style=\"color: #29393f;\">Profesionales expertos en la materia con s\u00f3lida vocaci\u00f3n de servicio al cliente,<\/span><\/li>\n<li><span style=\"color: #29393f;\">Infraestructura en excelentes condiciones,<\/span><\/li>\n<li><span style=\"color: #29393f;\">La mejor tecnolog\u00eda y<\/span><\/li>\n<li><span style=\"color: #29393f;\">Los sistemas m\u00e1s eficientes y eficaces.<\/span><\/li>\n<\/ul>\n<p><span style=\"color: #29393f;\">Lo que nos permite garantizar la seguridad en todo el proceso, optimizando el uso de sus recursos, aumentando su rentabilidad y potenciando el crecimiento de su negocio.<\/span>[\/vc_column_text][\/vc_column][vc_column width=\u00bb1\/2&#8243;][vc_images_carousel images=\u00bb161,131,134,133,113&#8243; img_size=\u00bb\u00bb slides_per_view=\u00bb3&#8243; hide_pagination_control=\u00bbyes\u00bb][\/vc_column][\/vc_row][\/vc_section][vc_section][vc_row css=\u00bb.vc_custom_1645759380322{padding-top: 30px !important;padding-bottom: 10px !important;}\u00bb][vc_column][vc_separator color=\u00bbcustom\u00bb accent_color=\u00bb#526f72&#8243;][\/vc_column][\/vc_row][vc_row][vc_column][vc_column_text]\n<h1 style=\"text-align: center;\"><span style=\"color: #29393f;\">NUESTROS GRUPOS<\/span><\/h1>\n[\/vc_column_text][\/vc_column][\/vc_row][vc_row][vc_column width=\u00bb1\/2&#8243;][vc_column_text]\n<p style=\"text-align: center;\"><img loading=\"lazy\" class=\"alignnone size-full wp-image-147\" src=\"http:\/\/www.weallseed.org\/loginter\/wp2022\/wp-content\/uploads\/2022\/01\/nosotros_nuestros_grupos_1.jpg\" alt=\"\" width=\"250\" height=\"115\" \/><\/p>\n[\/vc_column_text][vc_column_text]<span style=\"color: #29393f;\">Grupo Guerrero es un conglomerado salvadore\u00f1o de empresas de gran prestigio, por su excelente visi\u00f3n de negocios y trayectoria de operaci\u00f3n, eficiente organizaci\u00f3n y capacidad administrativa.<\/span>[\/vc_column_text][\/vc_column][vc_column width=\u00bb1\/2&#8243;][vc_column_text]\n<p style=\"text-align: center;\"><img loading=\"lazy\" class=\"alignnone size-full wp-image-147\" src=\"http:\/\/www.weallseed.org\/loginter\/wp2022\/wp-content\/uploads\/2022\/01\/nosotros_nuestros_grupos_1.jpg\" alt=\"\" width=\"250\" height=\"115\" \/><\/p>\n[\/vc_column_text][vc_column_text]<span style=\"color: #29393f;\">Grupo Mar\u00edtimo se dedica a suplir una gama de servicios para la Industria Naviera. Con m\u00e1s de 40 a\u00f1os de experiencia en la industria, su crecimiento ha sido basado en nuestro Plan Estrat\u00e9gico sincronizado desarrollado dentro del Grupo.<\/span>[\/vc_column_text][\/vc_column][\/vc_row][\/vc_section][vc_section full_width=\u00bbstretch_row\u00bb css=\u00bb.vc_custom_1647649452942{padding-top: 50px !important;padding-bottom: 40px !important;background-color: #fbd906 !important;}\u00bb][vc_row full_width=\u00bbstretch_row\u00bb][vc_column width=\u00bb1\/3&#8243;][vc_icon icon_fontawesome=\u00bbfas fa-rocket\u00bb color=\u00bbcustom\u00bb size=\u00bblg\u00bb align=\u00bbcenter\u00bb custom_color=\u00bb#195b72&#8243;][vc_column_text]\n<p style=\"text-align: center;\"><span style=\"color: #195b72;\"><strong>MISI\u00d3N<\/strong><\/span><\/p>\n[\/vc_column_text][vc_separator color=\u00bbwhite\u00bb border_width=\u00bb3&#8243;][vc_column_text]\n<p style=\"text-align: left;\"><span style=\"color: #195b72;\">Proporcionar soluciones log\u00edsticas de transporte multimodal, almacenaje, manipulaci\u00f3n y valor agregado de mercader\u00edas, brindando a nuestros clientes un soporte estrat\u00e9gico-operativo que les permita colocar sus productos en los mercados de destino en tiempo y forma.<\/span><\/p>\n[\/vc_column_text][\/vc_column][vc_column width=\u00bb1\/3&#8243;][vc_icon icon_fontawesome=\u00bbfas fa-eye\u00bb color=\u00bbcustom\u00bb size=\u00bblg\u00bb align=\u00bbcenter\u00bb custom_color=\u00bb#195b72&#8243;][vc_column_text]\n<p style=\"text-align: center;\"><span style=\"color: #195b72;\"><strong>VISI\u00d3N<\/strong><\/span><\/p>\n[\/vc_column_text][vc_separator color=\u00bbwhite\u00bb border_width=\u00bb3&#8243;][vc_column_text]\n<p style=\"text-align: left;\"><span style=\"color: #195b72;\">Consolidarnos como empresa l\u00edder regional en soluciones log\u00edsticas de reconocido prestigio nacional e internacional a trav\u00e9s de la excelencia, innovaci\u00f3n y calidad en nuestros servicios.<\/span><\/p>\n[\/vc_column_text][\/vc_column][vc_column width=\u00bb1\/3&#8243;][vc_icon icon_fontawesome=\u00bbfas fa-hands-helping\u00bb color=\u00bbcustom\u00bb size=\u00bblg\u00bb align=\u00bbcenter\u00bb custom_color=\u00bb#195b72&#8243;][vc_column_text]\n<p style=\"text-align: center;\"><span style=\"color: #195b72;\"><strong>PRINCIPIOS<\/strong><\/span><\/p>\n[\/vc_column_text][vc_separator color=\u00bbwhite\u00bb border_width=\u00bb3&#8243;][vc_column_text]\n<p style=\"text-align: left;\"><span style=\"color: #195b72;\">El accionar de nuestras empresas se basa en los siguientes principios: Integridad, Profesionalismo, Efectividad y Flexibilidad.<\/span><\/p>\n[\/vc_column_text][\/vc_column][\/vc_row][\/vc_section]\n","protected":false},"excerpt":{"rendered":"<p>[vc_section full_width=\u00bbstretch_row\u00bb css=\u00bb.vc_custom_1645763763263{margin-top: -25px !important;margin-bottom: 25px !important;padding-top: 35px !important;padding-bottom: 25px !important;background-image: url(http:\/\/www.weallseed.org\/loginter\/wp2022\/wp-content\/uploads\/2022\/02\/header-sections.jpg?id=267) !important;background-position: center !important;background-repeat: no-repeat !important;background-size: cover !important;}\u00bb][vc_row css=\u00bb.vc_custom_1643654019848{padding-bottom: 10px !important;}\u00bb][vc_column][vc_column_text] NOSOTROS [\/vc_column_text][\/vc_column][\/vc_row][\/vc_section][vc_section full_width=\u00bbstretch_row\u00bb css=\u00bb.vc_custom_1647648173364{margin-top: -30px !important;background-color: #195b72 !important;}\u00bb][vc_row][vc_column width=\u00bb1\/2&#8243;][vc_column_text] Somos\u00a0Log\u00edstica Internacional,\u00a0 por sus siglas\u00a0LOGINTER,\u00a0empresa que opera desde El Salvador, ofreciendo su amplio conocimiento del mercado internacional y su s\u00f3lida y reconocida experiencia, en [&hellip;]<\/p>\n","protected":false},"author":1,"featured_media":0,"parent":0,"menu_order":0,"comment_status":"closed","ping_status":"closed","template":"","meta":[],"_links":{"self":[{"href":"http:\/\/www.weallseed.org\/loginter\/wp2022\/wp-json\/wp\/v2\/pages\/9"}],"collection":[{"href":"http:\/\/www.weallseed.org\/loginter\/wp2022\/wp-json\/wp\/v2\/pages"}],"about":[{"href":"http:\/\/www.weallseed.org\/loginter\/wp2022\/wp-json\/wp\/v2\/types\/page"}],"author":[{"embeddable":true,"href":"http:\/\/www.weallseed.org\/loginter\/wp2022\/wp-json\/wp\/v2\/users\/1"}],"replies":[{"embeddable":true,"href":"http:\/\/www.weallseed.org\/loginter\/wp2022\/wp-json\/wp\/v2\/comments?post=9"}],"version-history":[{"count":105,"href":"http:\/\/www.weallseed.org\/loginter\/wp2022\/wp-json\/wp\/v2\/pages\/9\/revisions"}],"predecessor-version":[{"id":108,"href":"http:\/\/www.weallseed.org\/loginter\/wp2022\/wp-json\/wp\/v2\/pages\/9\/revisions\/108"}],"wp:attachment":[{"href":"http:\/\/www.weallseed.org\/loginter\/wp2022\/wp-json\/wp\/v2\/media?parent=9"}],"curies":[{"name":"wp","href":"https:\/\/api.w.org\/{rel}","templated":true}]}}