{"id":7,"date":"2022-01-21T20:47:47","date_gmt":"2022-01-21T20:47:47","guid":{"rendered":"http:\/\/www.weallseed.org\/loginter\/wp2022\/?page_id=7"},"modified":"2022-03-19T00:51:46","modified_gmt":"2022-03-19T00:51:46","slug":"inicio","status":"publish","type":"page","link":"http:\/\/www.weallseed.org\/loginter\/wp2022\/","title":{"rendered":"INICIO"},"content":{"rendered":"[vc_section css=\u00bb.vc_custom_1643492194225{padding-top: 40px !important;padding-bottom: 50px !important;}\u00bb][vc_row][vc_column][vc_column_text]\n<h1 style=\"text-align: center;\"><span style=\"color: #29393f;\">NUESTROS SERVICIOS<\/span><\/h1>\n[\/vc_column_text][\/vc_column][\/vc_row][vc_row css=\u00bb.vc_custom_1643492149211{padding-bottom: 30px !important;}\u00bb][vc_column width=\u00bb1\/4&#8243;][vc_column_text]\n<p style=\"text-align: center;\"><img loading=\"lazy\" class=\"alignnone size-full wp-image-40\" src=\"http:\/\/www.weallseed.org\/loginter\/wp2022\/wp-content\/uploads\/2022\/01\/home_nuestros_servicios_icono_4.png\" alt=\"\" width=\"131\" height=\"131\" \/><\/p>\n[\/vc_column_text][vc_separator color=\u00bbcustom\u00bb border_width=\u00bb4&#8243; accent_color=\u00bb#fbd906&#8243; css=\u00bb.vc_custom_1643491030875{margin-top: -30px !important;}\u00bb][vc_column_text css=\u00bb.vc_custom_1643491321766{margin-top: -10px !important;}\u00bb]\n<h4 style=\"text-align: center;\"><span style=\"color: #29393f;\">Almacenaje<\/span><\/h4>\n[\/vc_column_text][\/vc_column][vc_column width=\u00bb1\/4&#8243;][vc_column_text]\n<p style=\"text-align: center;\"><img loading=\"lazy\" class=\"alignnone size-full wp-image-36\" src=\"http:\/\/www.weallseed.org\/loginter\/wp2022\/wp-content\/uploads\/2022\/01\/home_nuestros_servicios_icono_2.png\" alt=\"\" width=\"131\" height=\"131\" \/><\/p>\n[\/vc_column_text][vc_separator color=\u00bbcustom\u00bb border_width=\u00bb4&#8243; accent_color=\u00bb#fbd906&#8243; css=\u00bb.vc_custom_1643491030875{margin-top: -30px !important;}\u00bb][vc_column_text css=\u00bb.vc_custom_1643491279370{margin-top: -10px !important;}\u00bb]\n<h4 style=\"text-align: center;\"><span style=\"color: #29393f;\">Recepci\u00f3n de Mercader\u00eda<\/span><\/h4>\n[\/vc_column_text][\/vc_column][vc_column width=\u00bb1\/4&#8243;][vc_column_text]\n<p style=\"text-align: center;\"><img loading=\"lazy\" class=\"alignnone size-full wp-image-37\" src=\"http:\/\/www.weallseed.org\/loginter\/wp2022\/wp-content\/uploads\/2022\/01\/home_nuestros_servicios_icono_3.png\" alt=\"\" width=\"131\" height=\"131\" \/><\/p>\n[\/vc_column_text][vc_separator color=\u00bbcustom\u00bb border_width=\u00bb4&#8243; accent_color=\u00bb#fbd906&#8243; css=\u00bb.vc_custom_1643491030875{margin-top: -30px !important;}\u00bb][vc_column_text css=\u00bb.vc_custom_1643491302007{margin-top: -10px !important;}\u00bb]\n<h4 style=\"text-align: center;\"><span style=\"color: #29393f;\">Distribuci\u00f3n<\/span><\/h4>\n[\/vc_column_text][\/vc_column][vc_column width=\u00bb1\/4&#8243;][vc_column_text]\n<p style=\"text-align: center;\"><img loading=\"lazy\" class=\"alignnone size-full wp-image-238\" src=\"http:\/\/www.weallseed.org\/loginter\/wp2022\/wp-content\/uploads\/2022\/02\/home_nuestros_servicios_icono_6.png\" alt=\"\" width=\"131\" height=\"131\" \/><\/p>\n[\/vc_column_text][vc_separator color=\u00bbcustom\u00bb border_width=\u00bb4&#8243; accent_color=\u00bb#fbd906&#8243; css=\u00bb.vc_custom_1643491030875{margin-top: -30px !important;}\u00bb][vc_column_text css=\u00bb.vc_custom_1645813217749{margin-top: -10px !important;}\u00bb]\n<h4 style=\"text-align: center;\"><span style=\"color: #29393f;\">Servicios de valor agregado<\/span><\/h4>\n[\/vc_column_text][\/vc_column][\/vc_row][vc_row][vc_column][vc_btn title=\u00bbLeer m\u00e1s\u00bb style=\u00bboutline-custom\u00bb outline_custom_color=\u00bb#195b72&#8243; outline_custom_hover_background=\u00bb#195b72&#8243; outline_custom_hover_text=\u00bb#ffffff\u00bb shape=\u00bbsquare\u00bb align=\u00bbcenter\u00bb i_align=\u00bbright\u00bb i_icon_fontawesome=\u00bbfas fa-angle-double-right\u00bb add_icon=\u00bbtrue\u00bb link=\u00bburl:http%3A%2F%2Fwww.weallseed.org%2Floginter%2Fwp2022%2Fsoluciones%2F|||\u00bb][\/vc_column][\/vc_row][\/vc_section][vc_section full_width=\u00bbstretch_row\u00bb css=\u00bb.vc_custom_1643492177942{padding-top: 50px !important;padding-bottom: 50px !important;background-image: url(http:\/\/www.weallseed.org\/loginter\/wp2022\/wp-content\/uploads\/2022\/01\/home_mod_2_banner_1.jpg?id=52) !important;background-position: center !important;background-repeat: no-repeat !important;background-size: cover !important;}\u00bb][vc_row][vc_column][vc_column_text]\n<h1 style=\"text-align: center;\"><span style=\"color: #29393f;\">NOSOTROS<\/span><\/h1>\n[\/vc_column_text][vc_column_text]\n<h4 style=\"text-align: center;\"><span style=\"color: #195b72;\">Somos Log\u00edstica Internacional, por sus siglas LOGINTER<\/span><\/h4>\n[\/vc_column_text][vc_column_text]\n<p style=\"text-align: center;\"><span style=\"color: #29393f;\">empresa que opera desde El Salvador, ofreciendo su amplio conocimiento del mercado internacional y su s\u00f3lida y reconocida experiencia, en la administraci\u00f3n de toda la cadena de abastecimiento de productos y servicios, proponi\u00e9ndole convertirse en su socio estrat\u00e9gico en el desarrollo de soluciones log\u00edsticas, dise\u00f1adas acorde a sus necesidades y en la coordinaci\u00f3n sistem\u00e1tica de su red completa de suministros.<\/span><\/p>\n[\/vc_column_text][vc_btn title=\u00bbLeer m\u00e1s\u00bb style=\u00bboutline-custom\u00bb outline_custom_color=\u00bb#195b72&#8243; outline_custom_hover_background=\u00bb#195b72&#8243; outline_custom_hover_text=\u00bb#ffffff\u00bb shape=\u00bbsquare\u00bb align=\u00bbcenter\u00bb i_align=\u00bbright\u00bb i_icon_fontawesome=\u00bbfas fa-angle-double-right\u00bb add_icon=\u00bbtrue\u00bb link=\u00bburl:http%3A%2F%2Fwww.weallseed.org%2Floginter%2Fwp2022%2Fnosotros%2F|||\u00bb][\/vc_column][\/vc_row][\/vc_section][vc_section full_width=\u00bbstretch_row\u00bb css=\u00bb.vc_custom_1643492620780{padding-top: 60px !important;padding-bottom: 50px !important;background-position: center !important;background-repeat: no-repeat !important;background-size: cover !important;}\u00bb][vc_row][vc_column][vc_column_text]\n<p style=\"text-align: center;\"><img loading=\"lazy\" class=\"alignnone size-full wp-image-70\" src=\"http:\/\/www.weallseed.org\/loginter\/wp2022\/wp-content\/uploads\/2022\/01\/home_mod_3_wms_icon.png\" alt=\"\" width=\"260\" height=\"56\" \/><\/p>\n[\/vc_column_text][vc_column_text]\n<h4 style=\"text-align: center;\"><span style=\"color: #195b72;\">Somos Log\u00edstica Internacional, por sus siglas LOGINTER<\/span><\/h4>\n[\/vc_column_text][vc_column_text]\n<p style=\"text-align: center;\"><img loading=\"lazy\" class=\"aligncenter wp-image-68 size-full\" src=\"http:\/\/www.weallseed.org\/loginter\/wp2022\/wp-content\/uploads\/2022\/01\/home_mod_3_wms_proces_icon.png\" alt=\"\" width=\"528\" height=\"85\" srcset=\"http:\/\/www.weallseed.org\/loginter\/wp2022\/wp-content\/uploads\/2022\/01\/home_mod_3_wms_proces_icon.png 528w, http:\/\/www.weallseed.org\/loginter\/wp2022\/wp-content\/uploads\/2022\/01\/home_mod_3_wms_proces_icon-300x48.png 300w\" sizes=\"(max-width: 528px) 100vw, 528px\" \/><\/p>\n[\/vc_column_text][vc_column_text]\n<p style=\"text-align: center;\">Los servicios ofrecidos por LOGINTER, est\u00e1n respaldados por modernas tecnolog\u00edas de administraci\u00f3n de inventarios, (WMS), que le permiten realizar multiples operaciones.<\/p>\n[\/vc_column_text][vc_btn title=\u00bbLeer m\u00e1s\u00bb style=\u00bboutline-custom\u00bb outline_custom_color=\u00bb#195b72&#8243; outline_custom_hover_background=\u00bb#195b72&#8243; outline_custom_hover_text=\u00bb#ffffff\u00bb shape=\u00bbsquare\u00bb align=\u00bbcenter\u00bb i_align=\u00bbright\u00bb i_icon_fontawesome=\u00bbfas fa-angle-double-right\u00bb add_icon=\u00bbtrue\u00bb link=\u00bburl:http%3A%2F%2Fwww.weallseed.org%2Floginter%2Fwp2022%2Ftecnologia%2F|||\u00bb][\/vc_column][\/vc_row][\/vc_section][vc_section full_width=\u00bbstretch_row\u00bb css=\u00bb.vc_custom_1643492761860{padding-top: 70px !important;padding-bottom: 50px !important;background-color: #195b72 !important;background-position: center !important;background-repeat: no-repeat !important;background-size: cover !important;}\u00bb][vc_row][vc_column width=\u00bb1\/2&#8243;][vc_column_text]\n<h2 style=\"text-align: center;\"><span style=\"color: #ffffff;\">Suscr\u00edbete a nuestro bolet\u00edn<\/span><\/h2>\n[\/vc_column_text][\/vc_column][vc_column width=\u00bb1\/2&#8243; css=\u00bb.vc_custom_1643498556357{margin-top: 20px !important;}\u00bb][dhvc_form id=\u00bb78&#8243;][\/vc_column][\/vc_row][\/vc_section]\n","protected":false},"excerpt":{"rendered":"<p>[vc_section css=\u00bb.vc_custom_1643492194225{padding-top: 40px !important;padding-bottom: 50px !important;}\u00bb][vc_row][vc_column][vc_column_text] NUESTROS SERVICIOS [\/vc_column_text][\/vc_column][\/vc_row][vc_row css=\u00bb.vc_custom_1643492149211{padding-bottom: 30px !important;}\u00bb][vc_column width=\u00bb1\/4&#8243;][vc_column_text] [\/vc_column_text][vc_separator color=\u00bbcustom\u00bb border_width=\u00bb4&#8243; accent_color=\u00bb#fbd906&#8243; css=\u00bb.vc_custom_1643491030875{margin-top: -30px !important;}\u00bb][vc_column_text css=\u00bb.vc_custom_1643491321766{margin-top: -10px !important;}\u00bb] Almacenaje [\/vc_column_text][\/vc_column][vc_column width=\u00bb1\/4&#8243;][vc_column_text] [\/vc_column_text][vc_separator color=\u00bbcustom\u00bb border_width=\u00bb4&#8243; accent_color=\u00bb#fbd906&#8243; css=\u00bb.vc_custom_1643491030875{margin-top: -30px !important;}\u00bb][vc_column_text css=\u00bb.vc_custom_1643491279370{margin-top: -10px !important;}\u00bb] Recepci\u00f3n de Mercader\u00eda [\/vc_column_text][\/vc_column][vc_column width=\u00bb1\/4&#8243;][vc_column_text] [\/vc_column_text][vc_separator color=\u00bbcustom\u00bb border_width=\u00bb4&#8243; accent_color=\u00bb#fbd906&#8243; css=\u00bb.vc_custom_1643491030875{margin-top: -30px !important;}\u00bb][vc_column_text css=\u00bb.vc_custom_1643491302007{margin-top: -10px !important;}\u00bb] Distribuci\u00f3n [\/vc_column_text][\/vc_column][vc_column width=\u00bb1\/4&#8243;][vc_column_text] [\/vc_column_text][vc_separator [&hellip;]<\/p>\n","protected":false},"author":1,"featured_media":0,"parent":0,"menu_order":0,"comment_status":"closed","ping_status":"closed","template":"","meta":[],"_links":{"self":[{"href":"http:\/\/www.weallseed.org\/loginter\/wp2022\/wp-json\/wp\/v2\/pages\/7"}],"collection":[{"href":"http:\/\/www.weallseed.org\/loginter\/wp2022\/wp-json\/wp\/v2\/pages"}],"about":[{"href":"http:\/\/www.weallseed.org\/loginter\/wp2022\/wp-json\/wp\/v2\/types\/page"}],"author":[{"embeddable":true,"href":"http:\/\/www.weallseed.org\/loginter\/wp2022\/wp-json\/wp\/v2\/users\/1"}],"replies":[{"embeddable":true,"href":"http:\/\/www.weallseed.org\/loginter\/wp2022\/wp-json\/wp\/v2\/comments?post=7"}],"version-history":[{"count":47,"href":"http:\/\/www.weallseed.org\/loginter\/wp2022\/wp-json\/wp\/v2\/pages\/7\/revisions"}],"predecessor-version":[{"id":286,"href":"http:\/\/www.weallseed.org\/loginter\/wp2022\/wp-json\/wp\/v2\/pages\/7\/revisions\/286"}],"wp:attachment":[{"href":"http:\/\/www.weallseed.org\/loginter\/wp2022\/wp-json\/wp\/v2\/media?parent=7"}],"curies":[{"name":"wp","href":"https:\/\/api.w.org\/{rel}","templated":true}]}}