{"id":15,"date":"2022-01-21T20:48:27","date_gmt":"2022-01-21T20:48:27","guid":{"rendered":"http:\/\/www.weallseed.org\/loginter\/wp2022\/?page_id=15"},"modified":"2022-03-18T23:43:18","modified_gmt":"2022-03-18T23:43:18","slug":"tecnologia","status":"publish","type":"page","link":"http:\/\/www.weallseed.org\/loginter\/wp2022\/tecnologia\/","title":{"rendered":"TECNOLOG\u00cdA"},"content":{"rendered":"[vc_section full_width=\u00bbstretch_row\u00bb css=\u00bb.vc_custom_1645763763263{margin-top: -25px !important;margin-bottom: 25px !important;padding-top: 35px !important;padding-bottom: 25px !important;background-image: url(http:\/\/www.weallseed.org\/loginter\/wp2022\/wp-content\/uploads\/2022\/02\/header-sections.jpg?id=267) !important;background-position: center !important;background-repeat: no-repeat !important;background-size: cover !important;}\u00bb][vc_row css=\u00bb.vc_custom_1643654019848{padding-bottom: 10px !important;}\u00bb][vc_column][vc_column_text]\n<h1 style=\"text-align: center;\"><span style=\"color: #195a72;\">TECNOLOG\u00cdA<\/span><\/h1>\n[\/vc_column_text][\/vc_column][\/vc_row][\/vc_section][vc_section][vc_row][vc_column][vc_column_text]\n<p style=\"text-align: center;\"><img loading=\"lazy\" class=\"alignnone size-full wp-image-70\" src=\"http:\/\/www.weallseed.org\/loginter\/wp2022\/wp-content\/uploads\/2022\/01\/home_mod_3_wms_icon.png\" alt=\"\" width=\"260\" height=\"56\" \/><\/p>\n[\/vc_column_text][vc_column_text]\n<p style=\"text-align: center;\"><img loading=\"lazy\" class=\"alignnone wp-image-68 size-full\" src=\"http:\/\/www.weallseed.org\/loginter\/wp2022\/wp-content\/uploads\/2022\/01\/home_mod_3_wms_proces_icon.png\" alt=\"\" width=\"528\" height=\"85\" srcset=\"http:\/\/www.weallseed.org\/loginter\/wp2022\/wp-content\/uploads\/2022\/01\/home_mod_3_wms_proces_icon.png 528w, http:\/\/www.weallseed.org\/loginter\/wp2022\/wp-content\/uploads\/2022\/01\/home_mod_3_wms_proces_icon-300x48.png 300w\" sizes=\"(max-width: 528px) 100vw, 528px\" \/><\/p>\n[\/vc_column_text][vc_column_text]\n<p style=\"text-align: center;\">Los servicios ofrecidos por LOGINTER, est\u00e1n respaldados por modernas tecnolog\u00edas de administraci\u00f3n de inventarios, (WMS), que le permiten realizar las siguientes operaciones:<\/p>\n[\/vc_column_text][\/vc_column][\/vc_row][\/vc_section][vc_section full_width=\u00bbstretch_row\u00bb css=\u00bb.vc_custom_1647646886707{margin-bottom: -35px !important;padding-bottom: 40px !important;background-color: #195b72 !important;}\u00bb][vc_row][vc_column width=\u00bb1\/4&#8243;][vc_icon icon_fontawesome=\u00bbfas fa-globe\u00bb color=\u00bbcustom\u00bb size=\u00bblg\u00bb align=\u00bbcenter\u00bb custom_color=\u00bb#fbd906&#8243;][vc_column_text]\n<p style=\"text-align: center;\"><span style=\"color: #fbd906;\">Consulta de sus inventarios en l\u00ednea, desde cualquier lugar del mundo (existencias, movimientos, etc.)<\/span><\/p>\n[\/vc_column_text][\/vc_column][vc_column width=\u00bb1\/4&#8243;][vc_icon icon_fontawesome=\u00bbfas fa-file-excel\u00bb color=\u00bbcustom\u00bb size=\u00bblg\u00bb align=\u00bbcenter\u00bb custom_color=\u00bb#fbd906&#8243;][vc_column_text]\n<p style=\"text-align: center;\"><span style=\"color: #fbd906;\">Impresi\u00f3n de reportes y exportaci\u00f3n a formato Excel de los mismos.<\/span><\/p>\n[\/vc_column_text][\/vc_column][vc_column width=\u00bb1\/4&#8243;][vc_icon icon_fontawesome=\u00bbfas fa-boxes\u00bb color=\u00bbcustom\u00bb size=\u00bblg\u00bb align=\u00bbcenter\u00bb custom_color=\u00bb#fbd906&#8243;][vc_column_text]\n<p style=\"text-align: center;\"><span style=\"color: #fbd906;\">Operaciones en l\u00ednea (solicitudes de ingreso o almacenaje, despacho).<\/span><\/p>\n[\/vc_column_text][\/vc_column][vc_column width=\u00bb1\/4&#8243;][vc_icon icon_fontawesome=\u00bbfas fa-history\u00bb color=\u00bbcustom\u00bb size=\u00bblg\u00bb align=\u00bbcenter\u00bb custom_color=\u00bb#fbd906&#8243;][vc_column_text]\n<p style=\"text-align: center;\"><span style=\"color: #fbd906;\">Optimizaci\u00f3n de recursos y tiempo.<\/span><\/p>\n[\/vc_column_text][\/vc_column][\/vc_row][\/vc_section][vc_row][vc_column][vc_column_text]\n[\/vc_column_text][\/vc_column][\/vc_row]\n","protected":false},"excerpt":{"rendered":"<p>[vc_section full_width=\u00bbstretch_row\u00bb css=\u00bb.vc_custom_1645763763263{margin-top: -25px !important;margin-bottom: 25px !important;padding-top: 35px !important;padding-bottom: 25px !important;background-image: url(http:\/\/www.weallseed.org\/loginter\/wp2022\/wp-content\/uploads\/2022\/02\/header-sections.jpg?id=267) !important;background-position: center !important;background-repeat: no-repeat !important;background-size: cover !important;}\u00bb][vc_row css=\u00bb.vc_custom_1643654019848{padding-bottom: 10px !important;}\u00bb][vc_column][vc_column_text] TECNOLOG\u00cdA [\/vc_column_text][\/vc_column][\/vc_row][\/vc_section][vc_section][vc_row][vc_column][vc_column_text] [\/vc_column_text][vc_column_text] [\/vc_column_text][vc_column_text] Los servicios ofrecidos por LOGINTER, est\u00e1n respaldados por modernas tecnolog\u00edas de administraci\u00f3n de inventarios, (WMS), que le permiten realizar las siguientes operaciones: [\/vc_column_text][\/vc_column][\/vc_row][\/vc_section][vc_section full_width=\u00bbstretch_row\u00bb css=\u00bb.vc_custom_1647646886707{margin-bottom: -35px !important;padding-bottom: 40px !important;background-color: [&hellip;]<\/p>\n","protected":false},"author":1,"featured_media":0,"parent":0,"menu_order":0,"comment_status":"closed","ping_status":"closed","template":"","meta":[],"_links":{"self":[{"href":"http:\/\/www.weallseed.org\/loginter\/wp2022\/wp-json\/wp\/v2\/pages\/15"}],"collection":[{"href":"http:\/\/www.weallseed.org\/loginter\/wp2022\/wp-json\/wp\/v2\/pages"}],"about":[{"href":"http:\/\/www.weallseed.org\/loginter\/wp2022\/wp-json\/wp\/v2\/types\/page"}],"author":[{"embeddable":true,"href":"http:\/\/www.weallseed.org\/loginter\/wp2022\/wp-json\/wp\/v2\/users\/1"}],"replies":[{"embeddable":true,"href":"http:\/\/www.weallseed.org\/loginter\/wp2022\/wp-json\/wp\/v2\/comments?post=15"}],"version-history":[{"count":16,"href":"http:\/\/www.weallseed.org\/loginter\/wp2022\/wp-json\/wp\/v2\/pages\/15\/revisions"}],"predecessor-version":[{"id":292,"href":"http:\/\/www.weallseed.org\/loginter\/wp2022\/wp-json\/wp\/v2\/pages\/15\/revisions\/292"}],"wp:attachment":[{"href":"http:\/\/www.weallseed.org\/loginter\/wp2022\/wp-json\/wp\/v2\/media?parent=15"}],"curies":[{"name":"wp","href":"https:\/\/api.w.org\/{rel}","templated":true}]}}