{"id":13,"date":"2022-01-21T20:48:17","date_gmt":"2022-01-21T20:48:17","guid":{"rendered":"http:\/\/www.weallseed.org\/loginter\/wp2022\/?page_id=13"},"modified":"2022-03-18T23:54:43","modified_gmt":"2022-03-18T23:54:43","slug":"instalaciones","status":"publish","type":"page","link":"http:\/\/www.weallseed.org\/loginter\/wp2022\/instalaciones\/","title":{"rendered":"INSTALACIONES"},"content":{"rendered":"[vc_section full_width=\u00bbstretch_row\u00bb css=\u00bb.vc_custom_1645763763263{margin-top: -25px !important;margin-bottom: 25px !important;padding-top: 35px !important;padding-bottom: 25px !important;background-image: url(http:\/\/www.weallseed.org\/loginter\/wp2022\/wp-content\/uploads\/2022\/02\/header-sections.jpg?id=267) !important;background-position: center !important;background-repeat: no-repeat !important;background-size: cover !important;}\u00bb][vc_row css=\u00bb.vc_custom_1643654019848{padding-bottom: 10px !important;}\u00bb][vc_column][vc_column_text]\n<h1 style=\"text-align: center;\"><span style=\"color: #195a72;\">INSTALACIONES<\/span><\/h1>\n[\/vc_column_text][\/vc_column][\/vc_row][\/vc_section][vc_section full_width=\u00bbstretch_row\u00bb css=\u00bb.vc_custom_1647647644090{margin-top: -35px !important;padding-top: 60px !important;padding-bottom: 30px !important;background-color: #195b73 !important;}\u00bb][vc_row][vc_column][vc_column_text]\n<p style=\"text-align: left;\"><span style=\"color: #ffffff;\">Contamos con excelentes instalaciones, cuya infraestructura posee un dise\u00f1o vers\u00e1til y adecuado, tanto para el almacenamiento de sus mercader\u00edas, como para la administraci\u00f3n de sus operaciones en general. Cumplimos con los m\u00e1s modernos est\u00e1ndares de la construcci\u00f3n de edificios industriales, entre los cuales destaca que sus paredes y techos han sido cubiertos con material insulado, para conservar una temperatura apropiada. Adem\u00e1s, nos permite, maximizar la eficiencia de sus operaciones log\u00edsticas para un mayor aprovechamiento de sus econom\u00edas de escala.<\/span><\/p>\n[\/vc_column_text][\/vc_column][\/vc_row][\/vc_section][vc_section css=\u00bb.vc_custom_1647647666923{padding-top: 70px !important;padding-bottom: 40px !important;}\u00bb][vc_row][vc_column width=\u00bb1\/2&#8243;][vc_column_text]<span style=\"color: #29393f;\"><strong>Tenemos incorporados sistemas modernos de seguridad, para garantizar la protecci\u00f3n de sus mercader\u00edas, con las siguientes caracter\u00edsticas:<\/strong><\/span><\/p>\n<ul class=\"ulsinmargen\">\n<li><span style=\"color: #29393f;\">Circuito cerrado de c\u00e1maras de televisi\u00f3n<\/span><\/li>\n<li><span style=\"color: #29393f;\">Sensores magn\u00e9ticos y de movimiento<\/span><\/li>\n<li><span style=\"color: #29393f;\">Sistema contra incendios<\/span><\/li>\n<li><span style=\"color: #29393f;\">Amplia cobertura de seguro todo riesgo, hasta por da\u00f1os pormenorizados<\/span><\/li>\n<li><span style=\"color: #29393f;\">Doble seguridad: en el per\u00edmetro de la Zona Franca y en las instalaciones de la empresa.<\/span><\/li>\n<\/ul>\n[\/vc_column_text][\/vc_column][vc_column width=\u00bb1\/2&#8243;][vc_images_carousel images=\u00bb113,131,133,134&#8243; img_size=\u00bbfull\u00bb][\/vc_column][\/vc_row][\/vc_section]\n","protected":false},"excerpt":{"rendered":"<p>[vc_section full_width=\u00bbstretch_row\u00bb css=\u00bb.vc_custom_1645763763263{margin-top: -25px !important;margin-bottom: 25px !important;padding-top: 35px !important;padding-bottom: 25px !important;background-image: url(http:\/\/www.weallseed.org\/loginter\/wp2022\/wp-content\/uploads\/2022\/02\/header-sections.jpg?id=267) !important;background-position: center !important;background-repeat: no-repeat !important;background-size: cover !important;}\u00bb][vc_row css=\u00bb.vc_custom_1643654019848{padding-bottom: 10px !important;}\u00bb][vc_column][vc_column_text] INSTALACIONES [\/vc_column_text][\/vc_column][\/vc_row][\/vc_section][vc_section full_width=\u00bbstretch_row\u00bb css=\u00bb.vc_custom_1647647644090{margin-top: -35px !important;padding-top: 60px !important;padding-bottom: 30px !important;background-color: #195b73 !important;}\u00bb][vc_row][vc_column][vc_column_text] Contamos con excelentes instalaciones, cuya infraestructura posee un dise\u00f1o vers\u00e1til y adecuado, tanto para el almacenamiento de sus mercader\u00edas, como para [&hellip;]<\/p>\n","protected":false},"author":1,"featured_media":0,"parent":0,"menu_order":0,"comment_status":"closed","ping_status":"closed","template":"","meta":[],"_links":{"self":[{"href":"http:\/\/www.weallseed.org\/loginter\/wp2022\/wp-json\/wp\/v2\/pages\/13"}],"collection":[{"href":"http:\/\/www.weallseed.org\/loginter\/wp2022\/wp-json\/wp\/v2\/pages"}],"about":[{"href":"http:\/\/www.weallseed.org\/loginter\/wp2022\/wp-json\/wp\/v2\/types\/page"}],"author":[{"embeddable":true,"href":"http:\/\/www.weallseed.org\/loginter\/wp2022\/wp-json\/wp\/v2\/users\/1"}],"replies":[{"embeddable":true,"href":"http:\/\/www.weallseed.org\/loginter\/wp2022\/wp-json\/wp\/v2\/comments?post=13"}],"version-history":[{"count":17,"href":"http:\/\/www.weallseed.org\/loginter\/wp2022\/wp-json\/wp\/v2\/pages\/13\/revisions"}],"predecessor-version":[{"id":304,"href":"http:\/\/www.weallseed.org\/loginter\/wp2022\/wp-json\/wp\/v2\/pages\/13\/revisions\/304"}],"wp:attachment":[{"href":"http:\/\/www.weallseed.org\/loginter\/wp2022\/wp-json\/wp\/v2\/media?parent=13"}],"curies":[{"name":"wp","href":"https:\/\/api.w.org\/{rel}","templated":true}]}}