{"id":11,"date":"2022-01-21T20:48:07","date_gmt":"2022-01-21T20:48:07","guid":{"rendered":"http:\/\/www.weallseed.org\/loginter\/wp2022\/?page_id=11"},"modified":"2022-03-19T00:00:03","modified_gmt":"2022-03-19T00:00:03","slug":"soluciones","status":"publish","type":"page","link":"http:\/\/www.weallseed.org\/loginter\/wp2022\/soluciones\/","title":{"rendered":"SOLUCIONES"},"content":{"rendered":"[vc_section full_width=\u00bbstretch_row\u00bb css=\u00bb.vc_custom_1645763763263{margin-top: -25px !important;margin-bottom: 25px !important;padding-top: 35px !important;padding-bottom: 25px !important;background-image: url(http:\/\/www.weallseed.org\/loginter\/wp2022\/wp-content\/uploads\/2022\/02\/header-sections.jpg?id=267) !important;background-position: center !important;background-repeat: no-repeat !important;background-size: cover !important;}\u00bb][vc_row css=\u00bb.vc_custom_1643654019848{padding-bottom: 10px !important;}\u00bb][vc_column][vc_column_text]\n<h1 style=\"text-align: center;\"><span style=\"color: #195a72;\">SOLUCIONES LOG\u00cdSTICAS<\/span><\/h1>\n[\/vc_column_text][\/vc_column][\/vc_row][\/vc_section][vc_section full_width=\u00bbstretch_row\u00bb css=\u00bb.vc_custom_1647648000723{margin-top: -35px !important;padding-top: 45px !important;padding-bottom: 20px !important;background-color: #195b72 !important;}\u00bb][vc_row][vc_column][vc_column_text]\n<p style=\"text-align: center;\"><span style=\"color: #ffffff;\">Proveemos servicios integrales especializados, en la log\u00edstica necesaria para los procesos de exportaci\u00f3n e importaci\u00f3n, que incluyen:<\/span><\/p>\n[\/vc_column_text][\/vc_column][\/vc_row][\/vc_section][vc_section][vc_row css=\u00bb.vc_custom_1643688596950{padding-bottom: 15px !important;}\u00bb][vc_column width=\u00bb1\/4&#8243; css=\u00bb.vc_custom_1647647772412{background-color: #fbd906 !important;}\u00bb][vc_column_text]<img loading=\"lazy\" class=\"size-full wp-image-34 aligncenter\" src=\"http:\/\/www.weallseed.org\/loginter\/wp2022\/wp-content\/uploads\/2022\/01\/home_nuestros_servicios_icono_1.png\" alt=\"\" width=\"131\" height=\"131\" \/>[\/vc_column_text][\/vc_column][vc_column width=\u00bb3\/4&#8243;][vc_column_text]\n<h3><span style=\"color: #195b72;\">Soluciones de Transporte en El Salvador e Internacional<\/span><\/h3>\n[\/vc_column_text][vc_column_text]Expertos en facilitar transporte multimodal, empleado para movilizar su carga desde sus or\u00edgenes en cualquier parte del mundo, hasta su destino en cualquier sitio de la Regi\u00f3n Centroamericana.<\/p>\n<p><strong>Sub-servicios:<\/strong><\/p>\n<ul>\n<li>Terrestre (Nacional e Internacional)<\/li>\n<li>Mar\u00edtimo<\/li>\n<li>A\u00e9reo<\/li>\n<\/ul>\n[\/vc_column_text][\/vc_column][\/vc_row][vc_row][vc_column][vc_separator color=\u00bbcustom\u00bb accent_color=\u00bb#195b72&#8243;][\/vc_column][\/vc_row][\/vc_section][vc_section][vc_row css=\u00bb.vc_custom_1643688620489{padding-bottom: 15px !important;}\u00bb][vc_column width=\u00bb1\/4&#8243; css=\u00bb.vc_custom_1647647865679{background-color: #fbd906 !important;}\u00bb][vc_column_text]<img loading=\"lazy\" class=\"size-full wp-image-34 aligncenter\" src=\"http:\/\/www.weallseed.org\/loginter\/wp2022\/wp-content\/uploads\/2022\/01\/home_nuestros_servicios_icono_2.png\" alt=\"\" width=\"131\" height=\"131\" \/>[\/vc_column_text][\/vc_column][vc_column width=\u00bb3\/4&#8243;][vc_column_text]\n<h3><span style=\"color: #195b72;\">Recepci\u00f3n de Mercader\u00eda en El Salvador<\/span><\/h3>\n[\/vc_column_text][vc_column_text]Recibimos su mercader\u00eda bajo estrictos controles de seguridad, con procesos internos eficientemente organizados que garantizan su integridad. Somos especialistas en operaciones tales como cross-docking (contenedores LCL\/camiones LTL), con destino a diferentes pa\u00edses del mundo.<\/p>\n<p><strong>Sub-servicios:<\/strong><\/p>\n<ul>\n<li>Desconsolidaci\u00f3n de mercader\u00edas.<\/li>\n<li>Registro.<\/li>\n<li>Medici\u00f3n o conteo.<\/li>\n<\/ul>\n[\/vc_column_text][\/vc_column][\/vc_row][vc_row][vc_column][vc_separator color=\u00bbcustom\u00bb accent_color=\u00bb#195b72&#8243;][\/vc_column][\/vc_row][\/vc_section][vc_section][vc_row css=\u00bb.vc_custom_1643688620489{padding-bottom: 15px !important;}\u00bb][vc_column width=\u00bb1\/4&#8243; css=\u00bb.vc_custom_1647647875996{background-color: #fbd906 !important;}\u00bb][vc_column_text]<img loading=\"lazy\" class=\"size-full wp-image-34 aligncenter\" src=\"http:\/\/www.weallseed.org\/loginter\/wp2022\/wp-content\/uploads\/2022\/01\/home_nuestros_servicios_icono_3.png\" alt=\"\" width=\"131\" height=\"131\" \/>[\/vc_column_text][\/vc_column][vc_column width=\u00bb3\/4&#8243;][vc_column_text]\n<h3><span style=\"color: #195b72;\">Soluciones sistematizadas de Almacenaje<\/span><\/h3>\n[\/vc_column_text][vc_column_text]Proveemos soluciones sistematizadas de almacenaje, bajo las cuales Usted podr\u00e1 tener acceso computarizado al control y consulta de sus inventarios, a trav\u00e9s de un portal de clientes al cual se puede enlazar desde cualquier parte del mundo y en cualquier momento, para revisar sus existencias y registro de transacciones.<\/p>\n<p><strong>Sub-servicios:<\/strong><\/p>\n<ul>\n<li>Control de Inventarios v\u00eda Internet<\/li>\n<li>Informaci\u00f3n estad\u00edstica<\/li>\n<\/ul>\n[\/vc_column_text][\/vc_column][\/vc_row][vc_row][vc_column][vc_separator color=\u00bbcustom\u00bb accent_color=\u00bb#195b72&#8243;][\/vc_column][\/vc_row][\/vc_section][vc_section][vc_row css=\u00bb.vc_custom_1643688620489{padding-bottom: 15px !important;}\u00bb][vc_column width=\u00bb1\/4&#8243; css=\u00bb.vc_custom_1647647884688{background-color: #fbd906 !important;}\u00bb][vc_column_text]<img loading=\"lazy\" class=\"size-full wp-image-34 aligncenter\" src=\"http:\/\/www.weallseed.org\/loginter\/wp2022\/wp-content\/uploads\/2022\/01\/home_nuestros_servicios_icono_4.png\" alt=\"\" width=\"131\" height=\"131\" \/>[\/vc_column_text][\/vc_column][vc_column width=\u00bb3\/4&#8243;][vc_column_text]\n<h3><span style=\"color: #195b72;\">Distribuci\u00f3n Regional e Internacional<\/span><\/h3>\n[\/vc_column_text][vc_column_text]Dise\u00f1amos y facilitamos soluciones de consolidaci\u00f3n de mercader\u00edas provenientes de diferentes pa\u00edses del mundo, para ser enviadas con tr\u00e1mites amigables hasta su destino final.<\/p>\n<p><strong>Sub-servicios:<\/strong><\/p>\n<ul>\n<li>Selecci\u00f3n y env\u00edo de mercader\u00eda.<\/li>\n<li>Consolidaci\u00f3n.<\/li>\n<li>Alertas en Destino.<\/li>\n<\/ul>\n[\/vc_column_text][\/vc_column][\/vc_row][vc_row][vc_column][vc_separator color=\u00bbcustom\u00bb accent_color=\u00bb#195b72&#8243;][\/vc_column][\/vc_row][\/vc_section][vc_section css=\u00bb.vc_custom_1643688965486{padding-bottom: 40px !important;}\u00bb][vc_row css=\u00bb.vc_custom_1643688620489{padding-bottom: 15px !important;}\u00bb][vc_column width=\u00bb1\/4&#8243; css=\u00bb.vc_custom_1647647893926{background-color: #fbd906 !important;}\u00bb][vc_column_text]\n<p style=\"text-align: center;\"><img loading=\"lazy\" class=\"alignnone size-full wp-image-198\" src=\"http:\/\/www.weallseed.org\/loginter\/wp2022\/wp-content\/uploads\/2022\/02\/home_nuestros_servicios_icono_5.png\" alt=\"\" width=\"131\" height=\"131\" \/><\/p>\n[\/vc_column_text][\/vc_column][vc_column width=\u00bb3\/4&#8243;][vc_column_text]\n<h3><span style=\"color: #195b72;\">Servicios con Valor Agregado<\/span><\/h3>\n[\/vc_column_text][vc_column_text]Realizamos con destreza y eficiencia, servicios de valor agregado, todo en un \u201cone stop shop\u201d, con el fin de que Usted pueda distribuir f\u00e1cilmente sus productos, cumpliendo con los requerimientos de sus clientes m\u00e1s exigentes, en cada pa\u00eds de destino.<\/p>\n<p><strong>Sub-servicios:<\/strong><\/p>\n<ul>\n<li>Preparaci\u00f3n de Pedidos.<\/li>\n<li>Etiquetados.<\/li>\n<li>Armado de Promociones.<\/li>\n<li>Empaques y Re-empaques.<\/li>\n<li>Tr\u00e1mites Aduanales<\/li>\n<\/ul>\n[\/vc_column_text][\/vc_column][\/vc_row][\/vc_section][vc_row][vc_column][vc_column_text]\n[\/vc_column_text][\/vc_column][\/vc_row]\n","protected":false},"excerpt":{"rendered":"<p>[vc_section full_width=\u00bbstretch_row\u00bb css=\u00bb.vc_custom_1645763763263{margin-top: -25px !important;margin-bottom: 25px !important;padding-top: 35px !important;padding-bottom: 25px !important;background-image: url(http:\/\/www.weallseed.org\/loginter\/wp2022\/wp-content\/uploads\/2022\/02\/header-sections.jpg?id=267) !important;background-position: center !important;background-repeat: no-repeat !important;background-size: cover !important;}\u00bb][vc_row css=\u00bb.vc_custom_1643654019848{padding-bottom: 10px !important;}\u00bb][vc_column][vc_column_text] SOLUCIONES LOG\u00cdSTICAS [\/vc_column_text][\/vc_column][\/vc_row][\/vc_section][vc_section full_width=\u00bbstretch_row\u00bb css=\u00bb.vc_custom_1647648000723{margin-top: -35px !important;padding-top: 45px !important;padding-bottom: 20px !important;background-color: #195b72 !important;}\u00bb][vc_row][vc_column][vc_column_text] Proveemos servicios integrales especializados, en la log\u00edstica necesaria para los procesos de exportaci\u00f3n e importaci\u00f3n, que incluyen: [\/vc_column_text][\/vc_column][\/vc_row][\/vc_section][vc_section][vc_row css=\u00bb.vc_custom_1643688596950{padding-bottom: 15px [&hellip;]<\/p>\n","protected":false},"author":1,"featured_media":0,"parent":0,"menu_order":0,"comment_status":"closed","ping_status":"closed","template":"","meta":[],"_links":{"self":[{"href":"http:\/\/www.weallseed.org\/loginter\/wp2022\/wp-json\/wp\/v2\/pages\/11"}],"collection":[{"href":"http:\/\/www.weallseed.org\/loginter\/wp2022\/wp-json\/wp\/v2\/pages"}],"about":[{"href":"http:\/\/www.weallseed.org\/loginter\/wp2022\/wp-json\/wp\/v2\/types\/page"}],"author":[{"embeddable":true,"href":"http:\/\/www.weallseed.org\/loginter\/wp2022\/wp-json\/wp\/v2\/users\/1"}],"replies":[{"embeddable":true,"href":"http:\/\/www.weallseed.org\/loginter\/wp2022\/wp-json\/wp\/v2\/comments?post=11"}],"version-history":[{"count":46,"href":"http:\/\/www.weallseed.org\/loginter\/wp2022\/wp-json\/wp\/v2\/pages\/11\/revisions"}],"predecessor-version":[{"id":310,"href":"http:\/\/www.weallseed.org\/loginter\/wp2022\/wp-json\/wp\/v2\/pages\/11\/revisions\/310"}],"wp:attachment":[{"href":"http:\/\/www.weallseed.org\/loginter\/wp2022\/wp-json\/wp\/v2\/media?parent=11"}],"curies":[{"name":"wp","href":"https:\/\/api.w.org\/{rel}","templated":true}]}}